{"id":82,"date":"2019-04-01T12:48:20","date_gmt":"2019-04-01T11:48:20","guid":{"rendered":"http:\/\/fahrschule-floeter.de\/?page_id=82"},"modified":"2026-03-30T09:47:13","modified_gmt":"2026-03-30T08:47:13","slug":"willkommen","status":"publish","type":"page","link":"https:\/\/fahrschule-floeter.de\/","title":{"rendered":"Willkommen"},"content":{"rendered":"\n<blockquote class=\"wp-block-quote is-layout-flow wp-block-quote-is-layout-flow\">\n<p><mark style=\"background-color:rgba(0, 0, 0, 0)\" class=\"has-inline-color has-vivid-red-color\">Unser B\u00fcro ist ge\u00f6ffnet. Informationen \u00fcber unsere Fahrschule, die Ausbildung und Anmeldungen sind Dienstags in Altdorf von 19:00 Uhr bis 19:30 Uhr m\u00f6glich. Termine au\u00dferhalb dieser Zeiten k\u00f6nnen Sie mit uns unter&nbsp;&nbsp;(07031) 632475<\/mark> <mark style=\"background-color:rgba(0, 0, 0, 0)\" class=\"has-inline-color has-vivid-red-color\">vereinbaren.<\/mark><\/p>\n\n\n\n<hr class=\"wp-block-separator has-alpha-channel-opacity\"\/>\n<\/blockquote>\n\n\n\n<p><strong>Willkommen auf unseren Webseiten!<\/strong><\/p>\n\n\n\n<p>Unsere Fahrschulen befindet sich in Altdorf und in Weil im Sch\u00f6nbuch im Kreis B\u00f6blingen am Rande des Sch\u00f6nbuchs.<\/p>\n\n\n\n<p>Hier bieten wir zu fairen Preisen die F\u00fchrerscheinausbildung in den Klassen B, B197 und BE an. Mit gezielten \u00d6kofahrstunden k\u00f6nnen Sie lernen, energiesparend und effektiv ans Ziel zu kommen. Je nach Wunsch sind Fahrstunden auf Automatikfahrzeugen oder Wagen mit Schaltung m\u00f6glich. Unsere Fahrzeuge sind alle hochwertige Nichtraucherfahrzeuge. <\/p>\n\n\n\n<p>Die theoretischen Grundlagen vermitteln wir im Blockunterricht von 4 Wochen Dauer.<\/p>\n\n\n\n<figure class=\"wp-block-image size-large is-resized\"><img loading=\"lazy\" decoding=\"async\" width=\"1024\" height=\"819\" src=\"http:\/\/fahrschule-floeter.de\/wp-content\/uploads\/2022\/11\/DSC_0170-1-1024x819.jpg\" alt=\"\" class=\"wp-image-244\" srcset=\"https:\/\/fahrschule-floeter.de\/wp-content\/uploads\/2022\/11\/DSC_0170-1-1024x819.jpg 1024w, https:\/\/fahrschule-floeter.de\/wp-content\/uploads\/2022\/11\/DSC_0170-1-300x240.jpg 300w, https:\/\/fahrschule-floeter.de\/wp-content\/uploads\/2022\/11\/DSC_0170-1-768x614.jpg 768w, https:\/\/fahrschule-floeter.de\/wp-content\/uploads\/2022\/11\/DSC_0170-1-1536x1229.jpg 1536w, https:\/\/fahrschule-floeter.de\/wp-content\/uploads\/2022\/11\/DSC_0170-1.jpg 1920w\" sizes=\"auto, (max-width: 767px) 89vw, (max-width: 1000px) 54vw, (max-width: 1071px) 543px, 580px\" \/><\/figure>\n\n\n\n<p>Wir freuen uns auf Sie!<\/p>\n\n\n\n<p>Elke und Roland Fl\u00f6ter<\/p>\n","protected":false},"excerpt":{"rendered":"<p>Willkommen auf unseren Webseiten! Unsere Fahrschulen befindet sich in Altdorf und in Weil im Sch\u00f6nbuch im Kreis B\u00f6blingen am Rande des Sch\u00f6nbuchs. Hier bieten wir zu fairen Preisen die F\u00fchrerscheinausbildung in den Klassen B, B197 und BE an. Mit gezielten \u00d6kofahrstunden k\u00f6nnen Sie lernen, energiesparend und effektiv ans Ziel zu kommen. Je nach Wunsch sind &hellip; <\/p>\n<p class=\"link-more\"><a href=\"https:\/\/fahrschule-floeter.de\/\" class=\"more-link\"><span class=\"screen-reader-text\">\u201eWillkommen\u201c <\/span>weiterlesen<\/a><\/p>\n","protected":false},"author":1,"featured_media":0,"parent":0,"menu_order":0,"comment_status":"closed","ping_status":"closed","template":"","meta":{"footnotes":""},"class_list":["post-82","page","type-page","status-publish","hentry"],"_links":{"self":[{"href":"https:\/\/fahrschule-floeter.de\/index.php?rest_route=\/wp\/v2\/pages\/82","targetHints":{"allow":["GET"]}}],"collection":[{"href":"https:\/\/fahrschule-floeter.de\/index.php?rest_route=\/wp\/v2\/pages"}],"about":[{"href":"https:\/\/fahrschule-floeter.de\/index.php?rest_route=\/wp\/v2\/types\/page"}],"author":[{"embeddable":true,"href":"https:\/\/fahrschule-floeter.de\/index.php?rest_route=\/wp\/v2\/users\/1"}],"replies":[{"embeddable":true,"href":"https:\/\/fahrschule-floeter.de\/index.php?rest_route=%2Fwp%2Fv2%2Fcomments&post=82"}],"version-history":[{"count":28,"href":"https:\/\/fahrschule-floeter.de\/index.php?rest_route=\/wp\/v2\/pages\/82\/revisions"}],"predecessor-version":[{"id":325,"href":"https:\/\/fahrschule-floeter.de\/index.php?rest_route=\/wp\/v2\/pages\/82\/revisions\/325"}],"wp:attachment":[{"href":"https:\/\/fahrschule-floeter.de\/index.php?rest_route=%2Fwp%2Fv2%2Fmedia&parent=82"}],"curies":[{"name":"wp","href":"https:\/\/api.w.org\/{rel}","templated":true}]}}