{"id":61,"date":"2019-03-31T13:09:51","date_gmt":"2019-03-31T12:09:51","guid":{"rendered":"http:\/\/fahrschule-floeter.de\/?page_id=61"},"modified":"2023-09-19T19:46:42","modified_gmt":"2023-09-19T18:46:42","slug":"kontakt","status":"publish","type":"page","link":"http:\/\/fahrschule-floeter.de\/?page_id=61","title":{"rendered":"Kontakt"},"content":{"rendered":"<div class=\"wp-block-image\">\n<figure class=\"aligncenter is-resized\"><img loading=\"lazy\" decoding=\"async\" src=\"http:\/\/fahrschule-floeter.de\/wp-content\/uploads\/2019\/03\/FFlogo-1024x695.jpg\" alt=\"\" class=\"wp-image-64\" style=\"width:557px;height:378px\" width=\"557\" height=\"378\" srcset=\"http:\/\/fahrschule-floeter.de\/wp-content\/uploads\/2019\/03\/FFlogo-1024x695.jpg 1024w, http:\/\/fahrschule-floeter.de\/wp-content\/uploads\/2019\/03\/FFlogo-300x204.jpg 300w, http:\/\/fahrschule-floeter.de\/wp-content\/uploads\/2019\/03\/FFlogo-768x521.jpg 768w, http:\/\/fahrschule-floeter.de\/wp-content\/uploads\/2019\/03\/FFlogo.jpg 1386w\" sizes=\"auto, (max-width: 557px) 100vw, 557px\" \/><\/figure>\n<\/div>\n\n\n<p><strong>So erreichen Sie uns:<\/strong><\/p>\n\n\n\n<p><strong>telefonisch:<\/strong><br>im Festnetz unter (07031) 632475  oder mobil unter (0175) 56 15 960<\/p>\n\n\n\n<p><strong>email:<\/strong><a href=\"mailto:info@fahrschule-floeter.de\"> info@fahrschule-floeter.de<\/a><\/p>\n\n\n\n<p><strong>Unsere Webseite: <\/strong> <a href=\"http:\/\/www.fahrschule-floeter.de\">http:\/\/www.fahrschule-floeter.de<\/a><\/p>\n\n\n<div class=\"wp-block-image\">\n<figure class=\"alignleft is-resized\"><img loading=\"lazy\" decoding=\"async\" src=\"http:\/\/fahrschule-floeter.de\/wp-content\/uploads\/2019\/03\/FSFaceb.png\" alt=\"\" class=\"wp-image-71\" style=\"width:47px;height:47px\" width=\"47\" height=\"47\"\/><\/figure>\n<\/div>\n\n\n<p>Auch auf <strong><a rel=\"noreferrer noopener\" aria-label=\"Facebook (\u00f6ffnet in neuem Tab)\" href=\"http:\/\/www.facebook.com\/pages\/Fahrschule-Fl%C3%B6ter\/366538843440474\" target=\"_blank\">Facebook<\/a><\/strong> finden Sie uns.<br><br><\/p>\n\n\n\n<p><strong>Pers\u00f6nlich sind wir f\u00fcr Sie da:<\/strong><\/p>\n\n\n\n<ul class=\"wp-block-list\">\n<li>in unserer Fahrschule Altdorf (Finkenstr. 1) Dienstags  von 19:00 bis 19:30 Uhr<\/li>\n\n\n\n<li>gerne auch zu anderen Zeiten, vereinbaren Sie dazu bitte einen Termin mit uns unter (07031) 632475<\/li>\n<\/ul>\n\n\n\n<p><br><strong>Hinweise:<\/strong><\/p>\n\n\n\n<ul class=\"wp-block-list\">\n<li>Fahrstunden k\u00f6nnen jederzeit vereinbart werden.<\/li>\n<\/ul>\n\n\n\n<ul class=\"wp-block-list\">\n<li>Bezahlen k\u00f6nnen Sie Ihre Ausbildung per \u00dcberweisung\/Bankeinzug oder in Bar in unseren Fahrschulen.<\/li>\n<\/ul>\n\n\n\n<p><br><strong>Unser Tip:<\/strong><br><br>Verschenken Sie Gutscheine f\u00fcr die Ausbildung bei uns!<\/p>\n\n\n<div class=\"wp-block-image\">\n<figure class=\"aligncenter is-resized\"><img loading=\"lazy\" decoding=\"async\" src=\"http:\/\/fahrschule-floeter.de\/wp-content\/uploads\/2019\/03\/FFGutsch-1024x634.jpg\" alt=\"\" class=\"wp-image-67\" style=\"width:384px;height:237px\" width=\"384\" height=\"237\" srcset=\"http:\/\/fahrschule-floeter.de\/wp-content\/uploads\/2019\/03\/FFGutsch-1024x634.jpg 1024w, http:\/\/fahrschule-floeter.de\/wp-content\/uploads\/2019\/03\/FFGutsch-300x186.jpg 300w, http:\/\/fahrschule-floeter.de\/wp-content\/uploads\/2019\/03\/FFGutsch-768x476.jpg 768w, http:\/\/fahrschule-floeter.de\/wp-content\/uploads\/2019\/03\/FFGutsch.jpg 1614w\" sizes=\"auto, (max-width: 384px) 100vw, 384px\" \/><\/figure>\n<\/div>\n\n\n<p>Gutscheine k\u00f6nnen Sie w\u00e4hrend der \u00d6ffnungszeiten in unseren Fahrschulen erwerben.<\/p>\n","protected":false},"excerpt":{"rendered":"<p>So erreichen Sie uns: telefonisch:im Festnetz unter (07031) 632475 oder mobil unter (0175) 56 15 960 email: info@fahrschule-floeter.de Unsere Webseite: http:\/\/www.fahrschule-floeter.de Auch auf Facebook finden Sie uns. Pers\u00f6nlich sind wir f\u00fcr Sie da: Hinweise: Unser Tip: Verschenken Sie Gutscheine f\u00fcr die Ausbildung bei uns! Gutscheine k\u00f6nnen Sie w\u00e4hrend der \u00d6ffnungszeiten in unseren Fahrschulen erwerben.<\/p>\n","protected":false},"author":1,"featured_media":0,"parent":0,"menu_order":0,"comment_status":"closed","ping_status":"closed","template":"","meta":{"footnotes":""},"class_list":["post-61","page","type-page","status-publish","hentry"],"_links":{"self":[{"href":"http:\/\/fahrschule-floeter.de\/index.php?rest_route=\/wp\/v2\/pages\/61","targetHints":{"allow":["GET"]}}],"collection":[{"href":"http:\/\/fahrschule-floeter.de\/index.php?rest_route=\/wp\/v2\/pages"}],"about":[{"href":"http:\/\/fahrschule-floeter.de\/index.php?rest_route=\/wp\/v2\/types\/page"}],"author":[{"embeddable":true,"href":"http:\/\/fahrschule-floeter.de\/index.php?rest_route=\/wp\/v2\/users\/1"}],"replies":[{"embeddable":true,"href":"http:\/\/fahrschule-floeter.de\/index.php?rest_route=%2Fwp%2Fv2%2Fcomments&post=61"}],"version-history":[{"count":10,"href":"http:\/\/fahrschule-floeter.de\/index.php?rest_route=\/wp\/v2\/pages\/61\/revisions"}],"predecessor-version":[{"id":279,"href":"http:\/\/fahrschule-floeter.de\/index.php?rest_route=\/wp\/v2\/pages\/61\/revisions\/279"}],"wp:attachment":[{"href":"http:\/\/fahrschule-floeter.de\/index.php?rest_route=%2Fwp%2Fv2%2Fmedia&parent=61"}],"curies":[{"name":"wp","href":"https:\/\/api.w.org\/{rel}","templated":true}]}}