{"id":17,"date":"2019-03-29T12:37:12","date_gmt":"2019-03-29T11:37:12","guid":{"rendered":"http:\/\/fahrschule-floeter.de\/?page_id=17"},"modified":"2023-09-19T19:47:01","modified_gmt":"2023-09-19T18:47:01","slug":"impressum","status":"publish","type":"page","link":"http:\/\/fahrschule-floeter.de\/?page_id=17","title":{"rendered":"Impressum"},"content":{"rendered":"\n<p><strong>Verantwortlich f\u00fcr die Seiteninhalte:<\/strong><\/p>\n\n\n\n<p>Fahrschule Roland Fl\u00f6ter<br> Roland Fl\u00f6ter<br> Finkenstr. 1, 71155 Altdorf<\/p>\n\n\n\n<p>Telefon:      07031\/632475  <br>  e-mail:        info@fahrschule-floeter.de<\/p>\n\n\n\n<p>Steuernr:    56210\/73502    <\/p>\n\n\n\n<p>Aufsichts-   <br>\nbeh\u00f6rde:     Landratsamt B\u00f6blingen<\/p>\n\n\n\n<p><strong>Urheberrecht, Haftung:<\/strong><br> Das Layout der Homepage, die verwendeten Grafiken und Bilder sowie die Inhalte sind urheberrechtlich gesch\u00fctzt. Alle Informationen auf dieser Homepage erfolgen ohne Gew\u00e4hr f\u00fcr ihre Richtigkeit.<\/p>\n\n\n\n<p><strong>Haftungsausschluss:<\/strong><br> Trotz sorgf\u00e4ltiger inhaltlicher Kontrolle \u00fcbernehmen wir keine Haftung f\u00fcr die Inhalte externer Links. F\u00fcr den Inhalt der verlinkten Seiten sind ausschlie\u00dflich deren Betreiber verantwortlich.<\/p>\n\n\n\n<p><strong><a href=\"http:\/\/fahrschule-floeter.de\/?page_id=11\" target=\"_blank\" rel=\"noreferrer noopener\" aria-label=\"Unsere Datenschutzerkl\u00e4rung finden Sie hier (\u00f6ffnet in neuem Tab)\">Unsere Datenschutzerkl\u00e4rung finden Sie hier<\/a><\/strong><\/p>\n\n\n\n<p><strong>Nutzung des Facebook-Button<\/strong><br> Auf unserer Homepage finden Sie den Button von Facebook (soziales Netzwerk). Wenn Sie auf unserer Homepage den Facebook-Button ben\u00fctzen, wird eine Verbindung zwischen Ihrem Browser und dem Facebook-Server hergestellt. Dadurch erh\u00e4lt Facebook die Information, dass Sie mit Ihrer IP-Adresse unsere Facebook-Seite besucht haben. Wir weisen darauf hin, dass wir keinerlei Auskunft von \u00fcbermittelten Daten durch Facebook erhalten. Weitere Informationen finden Sie auf Facebook.<\/p>\n","protected":false},"excerpt":{"rendered":"<p>Verantwortlich f\u00fcr die Seiteninhalte: Fahrschule Roland Fl\u00f6ter Roland Fl\u00f6ter Finkenstr. 1, 71155 Altdorf Telefon: 07031\/632475 e-mail: info@fahrschule-floeter.de Steuernr: 56210\/73502 Aufsichts- beh\u00f6rde: Landratsamt B\u00f6blingen Urheberrecht, Haftung: Das Layout der Homepage, die verwendeten Grafiken und Bilder sowie die Inhalte sind urheberrechtlich gesch\u00fctzt. Alle Informationen auf dieser Homepage erfolgen ohne Gew\u00e4hr f\u00fcr ihre Richtigkeit. Haftungsausschluss: Trotz sorgf\u00e4ltiger inhaltlicher &hellip; <\/p>\n<p class=\"link-more\"><a href=\"http:\/\/fahrschule-floeter.de\/?page_id=17\" class=\"more-link\"><span class=\"screen-reader-text\">\u201eImpressum\u201c <\/span>weiterlesen<\/a><\/p>\n","protected":false},"author":1,"featured_media":0,"parent":0,"menu_order":0,"comment_status":"closed","ping_status":"closed","template":"","meta":{"footnotes":""},"class_list":["post-17","page","type-page","status-publish","hentry"],"_links":{"self":[{"href":"http:\/\/fahrschule-floeter.de\/index.php?rest_route=\/wp\/v2\/pages\/17","targetHints":{"allow":["GET"]}}],"collection":[{"href":"http:\/\/fahrschule-floeter.de\/index.php?rest_route=\/wp\/v2\/pages"}],"about":[{"href":"http:\/\/fahrschule-floeter.de\/index.php?rest_route=\/wp\/v2\/types\/page"}],"author":[{"embeddable":true,"href":"http:\/\/fahrschule-floeter.de\/index.php?rest_route=\/wp\/v2\/users\/1"}],"replies":[{"embeddable":true,"href":"http:\/\/fahrschule-floeter.de\/index.php?rest_route=%2Fwp%2Fv2%2Fcomments&post=17"}],"version-history":[{"count":4,"href":"http:\/\/fahrschule-floeter.de\/index.php?rest_route=\/wp\/v2\/pages\/17\/revisions"}],"predecessor-version":[{"id":280,"href":"http:\/\/fahrschule-floeter.de\/index.php?rest_route=\/wp\/v2\/pages\/17\/revisions\/280"}],"wp:attachment":[{"href":"http:\/\/fahrschule-floeter.de\/index.php?rest_route=%2Fwp%2Fv2%2Fmedia&parent=17"}],"curies":[{"name":"wp","href":"https:\/\/api.w.org\/{rel}","templated":true}]}}